{"id":323,"date":"2021-05-10T06:24:49","date_gmt":"2021-05-10T06:24:49","guid":{"rendered":"https:\/\/escolaprincipios.com.br\/principios\/?page_id=323"},"modified":"2021-05-10T06:24:49","modified_gmt":"2021-05-10T06:24:49","slug":"manual-do-aluno","status":"publish","type":"page","link":"https:\/\/escolaprincipios.com.br\/principios\/manual-do-aluno\/","title":{"rendered":"Manual do Aluno"},"content":{"rendered":"\n<p><strong>Art. 61 SAN\u00c7\u00d5ES DISCIPLINARES<\/strong><\/p>\n\n\n\n<p>I \u2013 Os atos de indisciplina ser\u00e3o penalizados com as seguintes san\u00e7\u00f5es, nos termos do regimento interno:<\/p>\n\n\n\n<p>II \u2013 Advert\u00eancia verbal pelo professore\/ou coordenador pedag\u00f3gico e\/ou Diretor;<\/p>\n\n\n\n<p>III \u2013 Advert\u00eancia oral e\/ou formal, com registro no prontu\u00e1rio do aluno;<\/p>\n\n\n\n<p>IV \u2013 Advert\u00eancia escrita ao aluno e aos pais ou respons\u00e1veis com registro descritivo circunstanciada do dever ou obriga\u00e7\u00e3o n\u00e3o cumprida;<\/p>\n\n\n\n<p>V \u2013 Estabelecimento de prazo para um ajuste de conduta entre a escola, os pais e alunos;<\/p>\n\n\n\n<p>VI \u2013 Condicionamento de matr\u00edcula \u00e0 assinatura de termos de compromisso, em raz\u00e3o do acompanhamento pedag\u00f3gico e disciplinar;<\/p>\n\n\n\n<p>VII \u2013 Ocorrendo o n\u00e3o cumprimento do ajuste de conduta pelo aluno, ap\u00f3s a comunica\u00e7\u00e3o por escrito aos pais e\/ou respons\u00e1veis, ser\u00e1 declarado o cancelamento da matr\u00edcula, ficando os documentos escolares a disposi\u00e7\u00e3o do aluno, se maior, ou dos pais ou respons\u00e1veis;<\/p>\n\n\n\n<p>VIII \u2013 Os demais problemas ser\u00e3o solucionados pelo conselho de classe ouvido o aluno e os pais ou respons\u00e1veis;<\/p>\n\n\n\n<p>IX \u2013 A aplica\u00e7\u00e3o das san\u00e7\u00f5es disciplinares ser\u00e1 feita pelo Diretor Pedag\u00f3gico, juntamente com o Coordenador Disciplinar, dependendo da gravidade da transgress\u00e3o e sem necessariamente seguir a ordem em que est\u00e3o apresentadas.<\/p>\n\n\n\n<p><strong>CAP\u00cdTULO II<\/strong><\/p>\n\n\n\n<p><strong>Da Constitui\u00e7\u00e3o<\/strong><\/p>\n\n\n\n<p><a><strong>Do Corpo Discente<\/strong><\/a><\/p>\n\n\n\n<p><strong>Art. 65 S\u00e3o Direitos do Aluno:<\/strong><\/p>\n\n\n\n<ol class=\"wp-block-list\"><li>\u00c0 educa\u00e7\u00e3o, visando ao pleno desenvolvimento de sua pessoa, preparo para o exerc\u00edcio da cidadania e qualifica\u00e7\u00e3o para o trabalho;<\/li><li>Igualdade de condi\u00e7\u00f5es para o acesso e perman\u00eancia na escola;<\/li><li>Ser respeitado por seus educadores;<\/li><li>Contestar crit\u00e9rios avaliativos, podendo recorrer \u00e0s instancias superiores, atrav\u00e9s de seus pais ou respons\u00e1veis legais quando menores;<\/li><li>De organiza\u00e7\u00e3o e participa\u00e7\u00e3o em entidades estudantis;<\/li><li>Ter acesso a este Regimento e ao Projeto Pol\u00edtico-Pedag\u00f3gico Escola;<\/li><li>Ser respeitados por seus educadores;<\/li><li>Ter asseguradas as condi\u00e7\u00f5es necess\u00e1rias ao desenvolvimento de suas potencialidades, nas perspectivas social e individual;<\/li><li>&nbsp;Ter assegurado o respeito aos seus direitos como pessoa e a sua individualidade;<\/li><li>Ter acesso a Biblioteca e seu acervo;<\/li><li>Em caso de atraso na 1\u00ba aula, o aluno ter\u00e1 autoriza\u00e7\u00e3o de entrar somente na 2\u00ba aula;<\/li><li>Assistir as aulas regulares, caso n\u00e3o tenha sofrido nenhuma san\u00e7\u00e3o disciplinar ou de ordem, e participar de plant\u00f5es e aulas extras.<\/li><\/ol>\n\n\n\n<p><strong>Art.66 Deveres dos alunos:<\/strong><\/p>\n\n\n\n<p>I-Acatar e respeitar as autoridades da Escola, os funcion\u00e1rios e seus colegas;<\/p>\n\n\n\n<p>II-Frequentar com assiduidade e pontualidade, as aulas e demais atividades escolares;<\/p>\n\n\n\n<p>III \u2013 Apresentar-se decentemente com uniforme da Escola composto por:&nbsp;&nbsp;&nbsp;&nbsp;&nbsp;&nbsp;&nbsp;&nbsp;&nbsp;&nbsp;&nbsp;&nbsp;&nbsp; camiseta branca recorte azul, camiseta branca regata, cal\u00e7a Neo strike, cal\u00e7a leg. cal\u00e7a helanca Bermuda, short-saia, todos personalizados com a logo da Escola Princ\u00edpios;<\/p>\n\n\n\n<p>IV-Comparecer a escola com uniforme completo e limpo, inclusive em hor\u00e1rio oposto das aulas.<\/p>\n\n\n\n<p>V- O aluno dever\u00e1 apresentar agenda na escola todos os dias;<\/p>\n\n\n\n<p>VI-N\u00e3o trajar uniforme rasgado, danificado, modificado;<\/p>\n\n\n\n<p>VII- Manter durante as aulas, atitudes de respeito, aten\u00e7\u00e3o e trabalho, portando-se convenientemente em todas as depend\u00eancias da Escola;<\/p>\n\n\n\n<p>VIII \u2013 Comportar-se de modo a fortalecer o esp\u00edrito patri\u00f3tico e a responsabilidade democr\u00e1tica;<\/p>\n\n\n\n<p>VIX-Estar em dia com as obriga\u00e7\u00f5es assumidas perante a escola;<\/p>\n\n\n\n<p>X-Reembolsar os danos causados as instala\u00e7\u00f5es f\u00edsicas, mobili\u00e1rios e aos materiais escolares;<\/p>\n\n\n\n<p>XI-Respeitar os regulamentos e normas da Escola;<\/p>\n\n\n\n<p>XII- Entregar diariamente as atividades de casa e comparecer aos plant\u00f5es quando convocado; caso isso n\u00e3o ocorrer, sofrer\u00e1 como: aus\u00eancia de notas e advert\u00eancias;<\/p>\n\n\n\n<p>XIII-Contribuir para a disciplina, evitando formar grupos para promover algazarras ou dist\u00farbios nas depend\u00eancias da Escola;<\/p>\n\n\n\n<p>XIV- Ser disciplinado, inclusive nas filas de espera, entrada e sa\u00edda das aulas e na cantina, contribui para a organiza\u00e7\u00e3o da Escola.<\/p>\n\n\n\n<p><strong>Art. 67 \u00c9 vedado aos alunos:<\/strong><\/p>\n\n\n\n<ol class=\"wp-block-list\"><li>Perturbar a ordem da Escola;<\/li><li>Entrar em classe e dela sair sem a permiss\u00e3o do professor;<\/li><li>Trazer armas ou objetos perigosos.<\/li><li>Descumprir as normas deste Regimento;<\/li><li>Desrespeitar qualquer membro da comunidade escolar.<\/li><li>Promover jogos de azar, rifas, vender ou comprar objetos.<\/li><li>Trazer livros, revistas, impressos, objetos impr\u00f3prios considerados perigosos ou imorais;<\/li><\/ol>\n\n\n\n<p>VIII \u2013 Riscar ou escrever em paredes, pisos, carteiras escolares ou em qualquer parte do edif\u00edcio, palavras ou desenhos, ocupar-se durante a aula com qualquer trabalho estranho \u00e0s atividades escolares em desenvolvimento; Praticar ato ofensivo \u00e0 moral e aos bons costumes;<\/p>\n\n\n\n<p>IX-Trazer para o Col\u00e9gio objetos e brinquedos de valor sem autoriza\u00e7\u00e3o;<\/p>\n\n\n\n<p>X-Impedir ou tentar impedir a entrada de colegas no Col\u00e9gio ou convid\u00e1-los \u00e0 aus\u00eancia coletiva;<\/p>\n\n\n\n<p>XI-Organizar sem autoriza\u00e7\u00e3o da Dire\u00e7\u00e3o, servindo-se do nome da Escola, bailes de formaturas ou similares;<\/p>\n\n\n\n<p>XII-Fumar e portar bebidas alco\u00f3licas e\/ou outros na escola e imedia\u00e7\u00f5es s\u00e3o infra\u00e7\u00f5es grav\u00edssimas cabendo a transfer\u00eancia do aluno.<\/p>\n\n\n\n<p>XIII-Assinar por seus respons\u00e1veis legais, documento que deva ser destinado \u00e0 escola;<\/p>\n\n\n\n<p>XIV-Uso de aparelhos eletr\u00f4nicos na escola, dentro da sala de aula sem autoriza\u00e7\u00e3o do professor;<\/p>\n\n\n\n<p>XV \u2013 Retirar-se do estabelecimento, durante o seu hor\u00e1rio de estudo sem autoriza\u00e7\u00e3o da Dire\u00e7\u00e3o administrativa e Pedag\u00f3gica ou do Coordenador disciplinar.<\/p>\n\n\n\n<p>XVI Entrar na escola ap\u00f3s 10 minutos do inicio da 1\u00ba aula. Se ocorrer atraso, a agenda dever\u00e1 ser entregue \u00e0 respons\u00e1vel e o aluno entrar\u00e1 na 2\u00ba aula;<\/p>\n\n\n\n<p>XVII-Ter manifesta\u00e7\u00f5es de namoro dentro do espa\u00e7o f\u00edsico da escola;<\/p>\n\n\n\n<p>XVIII-Mascar chicletes, bala, pirulitos \u201cchup-chup\u201d dentro das salas de aulas, biblioteca, laborat\u00f3rios secretaria e\/ou outro alimento;<\/p>\n\n\n\n<p>XIX-Usar o nome ou imagem da escola sem permiss\u00e3o;<\/p>\n\n\n\n<p>XX-Deixar de trazer material escolar exigido pelo professor;<\/p>\n\n\n\n<p>XXI-Filmar, fotografar, utilizar aparelhos telef\u00f4nico-eletr\u00f4nicos e\/ou sonoros nas depend\u00eancias da escola sem pr\u00e9via autoriza\u00e7\u00e3o;<\/p>\n\n\n\n<p>XXII-Fazer brincadeiras que desagradem aos colegas, causando constrangimento e humilha\u00e7\u00e3o Billings;<\/p>\n\n\n\n<p>XXIII-O uso de estiletes, corretivos e calculadoras,;<\/p>\n\n\n\n<p>XXIV-Falsificar documentos ou assinatura de pais e respons\u00e1veis;<\/p>\n\n\n\n<p>XXV-Agredir f\u00edsica ou verbalmente os colegas e educadores;<\/p>\n\n\n\n<p>XXVI-Brincar de forma agressiva ou desrespeitosa;<\/p>\n\n\n\n<p>XXVII-Sair da escola sem permiss\u00e3o;<\/p>\n\n\n\n<p>XXVIII-Praticar atos censur\u00e1veis e not\u00f3rios, pass\u00edveis de a\u00e7\u00e3o judicial, denegrindo a imagem da Escola Princ\u00edpios;<\/p>\n\n\n\n<p>XXIX-Portar e\/ou utilizar armas brancas e\/ou arma de fogo, explosivos, inflam\u00e1veis e t\u00f3xicos;<\/p>\n\n\n\n<p>XXX- Apropriar-se dos bens alheio;<\/p>\n\n\n\n<p><strong>I-Normas da Escola:<\/strong><\/p>\n\n\n\n<p>a) \u2013 O aluno dever\u00e1 apresentar agenda na Escola todos os dias;<\/p>\n\n\n\n<p>b) \u2013 Justificar previamente a perda de alguma prova ou aus\u00eancia \u00e0s aulas e comunicar \u00e0 dire\u00e7\u00e3o o seu afastamento temporariamente por motivo de doen\u00e7a e outros, mediante documento comprobat\u00f3rio;<\/p>\n\n\n\n<p>c) \u2013 As provas de 2\u00ba chamada dever\u00e3o ser requeridas com 03(tr\u00eas) dias de&nbsp; anteced\u00eancia, apresentando justificativa escrita( que poder\u00e1 ser aceita ou n\u00e3o pela escola) e pagamento da taxa obrigat\u00f3ria, independente da raz\u00e3o da n\u00e3o realiza\u00e7\u00e3o da 1\u00ba prova;<\/p>\n\n\n\n<p>d) \u2013 N\u00e3o haver\u00e1 provas de 2\u00ba chamadas para recupera\u00e7\u00e3o e simulados;<\/p>\n\n\n\n<p><strong>II-Deveres dos pais ou respons\u00e1veis:<\/strong><\/p>\n\n\n\n<p>a) \u2013 Estimular e incentivar o filho no processo educativo;<\/p>\n\n\n\n<p>b) \u2013 Participar de encontros e reuni\u00f5es promovidos pela escola;<\/p>\n\n\n\n<p>c) \u2013 Acompanhar o desempenho e aproveitamento escolar de seu filho(a), estando sempre em contato com a dire\u00e7\u00e3o ou\u00a0 coordena\u00e7\u00e3o da escola;<\/p>\n\n\n\n<p>d) \u2013 Participar da devolutiva e entrega de notas a cada bimestre.<\/p>\n\n\n\n<p><\/p>\n","protected":false},"excerpt":{"rendered":"<p>Art. 61 SAN\u00c7\u00d5ES DISCIPLINARES I \u2013 Os atos de indisciplina ser\u00e3o penalizados com as seguintes san\u00e7\u00f5es, nos termos do regimento interno: II \u2013 Advert\u00eancia verbal pelo professore\/ou coordenador pedag\u00f3gico e\/ou Diretor; III \u2013 Advert\u00eancia oral e\/ou formal, com registro no prontu\u00e1rio do aluno; IV \u2013 Advert\u00eancia escrita ao aluno e aos pais ou respons\u00e1veis com [&hellip;]<\/p>\n","protected":false},"author":1,"featured_media":0,"parent":0,"menu_order":0,"comment_status":"closed","ping_status":"closed","template":"","meta":{"footnotes":""},"class_list":["post-323","page","type-page","status-publish","hentry"],"_links":{"self":[{"href":"https:\/\/escolaprincipios.com.br\/principios\/wp-json\/wp\/v2\/pages\/323","targetHints":{"allow":["GET"]}}],"collection":[{"href":"https:\/\/escolaprincipios.com.br\/principios\/wp-json\/wp\/v2\/pages"}],"about":[{"href":"https:\/\/escolaprincipios.com.br\/principios\/wp-json\/wp\/v2\/types\/page"}],"author":[{"embeddable":true,"href":"https:\/\/escolaprincipios.com.br\/principios\/wp-json\/wp\/v2\/users\/1"}],"replies":[{"embeddable":true,"href":"https:\/\/escolaprincipios.com.br\/principios\/wp-json\/wp\/v2\/comments?post=323"}],"version-history":[{"count":1,"href":"https:\/\/escolaprincipios.com.br\/principios\/wp-json\/wp\/v2\/pages\/323\/revisions"}],"predecessor-version":[{"id":324,"href":"https:\/\/escolaprincipios.com.br\/principios\/wp-json\/wp\/v2\/pages\/323\/revisions\/324"}],"wp:attachment":[{"href":"https:\/\/escolaprincipios.com.br\/principios\/wp-json\/wp\/v2\/media?parent=323"}],"curies":[{"name":"wp","href":"https:\/\/api.w.org\/{rel}","templated":true}]}}